{"id":437,"date":"2026-04-27T06:24:15","date_gmt":"2026-04-27T06:24:15","guid":{"rendered":"https:\/\/senkaya.online\/?page_id=437"},"modified":"2026-04-27T06:30:27","modified_gmt":"2026-04-27T06:30:27","slug":"heat-treatment","status":"publish","type":"page","link":"https:\/\/senkaya.online\/tr\/heat-treatment\/","title":{"rendered":"Is\u0131l \u0130\u015flem"},"content":{"rendered":"\n\n\n\n\n\n","protected":false},"excerpt":{"rendered":"","protected":false},"author":1,"featured_media":0,"parent":0,"menu_order":0,"comment_status":"closed","ping_status":"closed","template":"blank-canvas","meta":{"footnotes":""},"class_list":["post-437","page","type-page","status-publish","hentry"],"_links":{"self":[{"href":"https:\/\/senkaya.online\/tr\/wp-json\/wp\/v2\/pages\/437","targetHints":{"allow":["GET"]}}],"collection":[{"href":"https:\/\/senkaya.online\/tr\/wp-json\/wp\/v2\/pages"}],"about":[{"href":"https:\/\/senkaya.online\/tr\/wp-json\/wp\/v2\/types\/page"}],"author":[{"embeddable":true,"href":"https:\/\/senkaya.online\/tr\/wp-json\/wp\/v2\/users\/1"}],"replies":[{"embeddable":true,"href":"https:\/\/senkaya.online\/tr\/wp-json\/wp\/v2\/comments?post=437"}],"version-history":[{"count":2,"href":"https:\/\/senkaya.online\/tr\/wp-json\/wp\/v2\/pages\/437\/revisions"}],"predecessor-version":[{"id":455,"href":"https:\/\/senkaya.online\/tr\/wp-json\/wp\/v2\/pages\/437\/revisions\/455"}],"wp:attachment":[{"href":"https:\/\/senkaya.online\/tr\/wp-json\/wp\/v2\/media?parent=437"}],"curies":[{"name":"wp","href":"https:\/\/api.w.org\/{rel}","templated":true}]}}